{"id":73,"date":"2025-09-26T10:22:14","date_gmt":"2025-09-26T10:22:14","guid":{"rendered":"https:\/\/pruebas.gabymoo.com\/?page_id=73"},"modified":"2026-01-29T13:01:12","modified_gmt":"2026-01-29T13:01:12","slug":"sobre-mi","status":"publish","type":"page","link":"https:\/\/pruebas.gabymoo.com\/","title":{"rendered":"Inicio"},"content":{"rendered":"<p>[et_pb_section fb_built=\u00bb1&#8243; fullwidth=\u00bbon\u00bb _builder_version=\u00bb4.20.2&#8243; _module_preset=\u00bbdefault\u00bb global_colors_info=\u00bb{}\u00bb][et_pb_fullwidth_image src=\u00bbhttps:\/\/pruebas.gabymoo.com\/wp-content\/uploads\/2026\/01\/Lineas2-scaled.png\u00bb title_text=\u00bbLineas2&#8243; _builder_version=\u00bb4.20.2&#8243; _module_preset=\u00bbdefault\u00bb custom_padding=\u00bb1px||33px|||\u00bb global_colors_info=\u00bb{}\u00bb][\/et_pb_fullwidth_image][\/et_pb_section][et_pb_section fb_built=\u00bb1&#8243; custom_padding_last_edited=\u00bbon|tablet\u00bb admin_label=\u00bbHeader\u00bb _builder_version=\u00bb4.20.2&#8243; _module_preset=\u00bbdefault\u00bb use_background_color_gradient=\u00bbon\u00bb background_color_gradient_direction=\u00bb149deg\u00bb background_color_gradient_stops=\u00bbgcid-97dd20d4-ba23-4305-9bd5-c10c1317deac 29%|gcid-6a2d45ac-bea4-46c8-8c36-059a129912bb 65%|rgba(255,255,255,0) 100%\u00bb background_image=\u00bbhttps:\/\/pruebas.gabymoo.com\/wp-content\/uploads\/2025\/09\/WhatsApp-Image-2025-09-24-at-09.47.12-5.jpeg\u00bb background_blend=\u00bbmultiply\u00bb overflow-x=\u00bbhidden\u00bb overflow-y=\u00bbhidden\u00bb custom_margin=\u00bb-30px||4px|||\u00bb custom_padding=\u00bb151px||151px||true|false\u00bb custom_padding_tablet=\u00bb10vw||10vw||true|false\u00bb custom_padding_phone=\u00bb\u00bb collapsed=\u00bbon\u00bb global_colors_info=\u00bb{%22gcid-6a2d45ac-bea4-46c8-8c36-059a129912bb%22:%91%22background_color_gradient_stops%22%93,%22gcid-97dd20d4-ba23-4305-9bd5-c10c1317deac%22:%91%22background_color_gradient_stops%22%93}\u00bb][et_pb_row _builder_version=\u00bb4.20.2&#8243; _module_preset=\u00bbdefault\u00bb global_colors_info=\u00bb{}\u00bb][et_pb_column type=\u00bb4_4&#8243; _builder_version=\u00bb4.20.2&#8243; _module_preset=\u00bbdefault\u00bb global_colors_info=\u00bb{}\u00bb][et_pb_text _builder_version=\u00bb4.20.2&#8243; _module_preset=\u00bbdefault\u00bb text_font=\u00bbTitan One||||||||\u00bb text_text_color=\u00bb#FFFFFF\u00bb text_font_size=\u00bb57px\u00bb text_line_height=\u00bb1em\u00bb background_enable_color=\u00bboff\u00bb text_text_shadow_style=\u00bbpreset1&#8243; inline_fonts=\u00bbMogra,Chewy\u00bb global_colors_info=\u00bb{%22gcid-424187c2-bbde-4931-8d84-4d7c5c134d04%22:%91%22background_color%22%93}\u00bb]<\/p>\n<p style=\"text-align: center;\"><span style=\"font-family: Chewy; font-weight: normal;\">ILUSTRADORA, <\/span><span style=\"font-family: Chewy; font-weight: normal;\">LIBROS, EDITORIAL<\/span><span style=\"font-family: Chewy; font-weight: normal;\">\u00a0<\/span><\/p>\n<p style=\"text-align: center;\">\n<p>[\/et_pb_text][\/et_pb_column][\/et_pb_row][\/et_pb_section][et_pb_section fb_built=\u00bb1&#8243; fullwidth=\u00bbon\u00bb _builder_version=\u00bb4.20.2&#8243; _module_preset=\u00bbdefault\u00bb global_colors_info=\u00bb{}\u00bb][et_pb_fullwidth_image src=\u00bbhttps:\/\/pruebas.gabymoo.com\/wp-content\/uploads\/2026\/01\/Lineas2-scaled.png\u00bb title_text=\u00bbLineas2&#8243; _builder_version=\u00bb4.20.2&#8243; _module_preset=\u00bbdefault\u00bb global_colors_info=\u00bb{}\u00bb][\/et_pb_fullwidth_image][\/et_pb_section][et_pb_section fb_built=\u00bb1&#8243; _builder_version=\u00bb4.20.2&#8243; _module_preset=\u00bbdefault\u00bb custom_margin=\u00bb5px|||||\u00bb custom_padding=\u00bb27px||13px|||\u00bb global_colors_info=\u00bb{}\u00bb][et_pb_row _builder_version=\u00bb4.24.2&#8243; _module_preset=\u00bbdefault\u00bb background_color=\u00bb#FFFFFF\u00bb max_width=\u00bb730px\u00bb custom_padding=\u00bb0px||0px||true|false\u00bb global_colors_info=\u00bb{}\u00bb][et_pb_column type=\u00bb4_4&#8243; _builder_version=\u00bb4.20.2&#8243; _module_preset=\u00bbdefault\u00bb global_colors_info=\u00bb{}\u00bb][et_pb_image src=\u00bbhttps:\/\/pruebas.gabymoo.com\/wp-content\/uploads\/2025\/09\/art-therapist-illustration-04-1.png\u00bb title_text=\u00bbart-therapist-illustration-04-1&#8243; _builder_version=\u00bb4.24.2&#8243; _module_preset=\u00bbdefault\u00bb transform_translate_linked=\u00bboff\u00bb positioning=\u00bbabsolute\u00bb position_origin_a=\u00bbcenter_right\u00bb width=\u00bb25%\u00bb width_tablet=\u00bb15%\u00bb width_phone=\u00bb\u00bb width_last_edited=\u00bbon|desktop\u00bb custom_margin=\u00bb|-16%|||false|false\u00bb scroll_vertical_motion=\u00bb0|50|50|100|45|0|-45&#8243; scroll_scaling=\u00bb0|0|0|100|100%|100|50%\u00bb scroll_rotating_enable=\u00bbon\u00bb scroll_rotating=\u00bb0|50|50|100|25\u00b0|0|-25\u00b0\u00bb global_colors_info=\u00bb{}\u00bb][\/et_pb_image][et_pb_image src=\u00bbhttps:\/\/pruebas.gabymoo.com\/wp-content\/uploads\/2025\/09\/art-therapist-illustration-05-1.png\u00bb title_text=\u00bbart-therapist-illustration-05-1&#8243; _builder_version=\u00bb4.24.2&#8243; _module_preset=\u00bbdefault\u00bb positioning=\u00bbabsolute\u00bb position_origin_a=\u00bbbottom_right\u00bb width=\u00bb20%\u00bb width_tablet=\u00bb10%\u00bb width_phone=\u00bb\u00bb width_last_edited=\u00bbon|tablet\u00bb custom_margin=\u00bb||-10%||false|false\u00bb scroll_rotating_enable=\u00bbon\u00bb scroll_rotating=\u00bb0|50|50|100|-45\u00b0|0|45\u00b0\u00bb global_colors_info=\u00bb{}\u00bb][\/et_pb_image][et_pb_text _builder_version=\u00bb4.20.2&#8243; _module_preset=\u00bb9c00f2d9-b527-4836-b4c2-5ce325a8658b\u00bb text_text_color=\u00bbgcid-d15821fb-ca65-4f29-bfd5-ea044f046af4&#8243; text_orientation=\u00bbcenter\u00bb custom_margin=\u00bb||30px||false|false\u00bb global_colors_info=\u00bb{%22gcid-d15821fb-ca65-4f29-bfd5-ea044f046af4%22:%91%22text_text_color%22%93}\u00bb]<\/p>\n<p><span>Ilustro lo que me emociona, lo que me inspira, lo que me conecta. <br \/>As\u00ed nace mi mundo.<\/span><\/p>\n<p>[\/et_pb_text][\/et_pb_column][\/et_pb_row][\/et_pb_section][et_pb_section fb_built=\u00bb1&#8243; _builder_version=\u00bb4.20.2&#8243; _module_preset=\u00bbdefault\u00bb background_image=\u00bbhttps:\/\/pruebas.gabymoo.com\/wp-content\/uploads\/2026\/01\/Lineas1-scaled.png\u00bb min_height=\u00bb55px\u00bb custom_padding=\u00bb0px||4px|||\u00bb top_divider_height=\u00bb29px\u00bb top_divider_repeat=\u00bb2x\u00bb bottom_divider_style=\u00bbwave2&#8243; bottom_divider_color=\u00bb#f3f5f8&#8243; bottom_divider_height=\u00bb32px\u00bb bottom_divider_repeat=\u00bb3x\u00bb global_colors_info=\u00bb{}\u00bb][\/et_pb_section][et_pb_section fb_built=\u00bb1&#8243; admin_label=\u00bbServices\u00bb _builder_version=\u00bb4.20.2&#8243; _module_preset=\u00bbdefault\u00bb background_color=\u00bbgcid-ae2718f9-596d-4e4c-a089-a3606cb7bdc2&#8243; custom_margin=\u00bb0px|||||\u00bb collapsed=\u00bbon\u00bb global_colors_info=\u00bb{%22gcid-ae2718f9-596d-4e4c-a089-a3606cb7bdc2%22:%91%22background_color%22%93}\u00bb][et_pb_row column_structure=\u00bb1_2,1_2&#8243; custom_padding_last_edited=\u00bbon|tablet\u00bb _builder_version=\u00bb4.23.2&#8243; _module_preset=\u00bbdefault\u00bb custom_padding_tablet=\u00bb||0px||false|false\u00bb custom_padding_phone=\u00bb||0px||false|false\u00bb locked=\u00bboff\u00bb global_colors_info=\u00bb{}\u00bb][et_pb_column type=\u00bb1_2&#8243; _builder_version=\u00bb4.23.2&#8243; _module_preset=\u00bbdefault\u00bb global_colors_info=\u00bb{}\u00bb][et_pb_image src=\u00bbhttps:\/\/pruebas.gabymoo.com\/wp-content\/uploads\/2025\/09\/Art-Therapist-08-1.png\u00bb title_text=\u00bbArt-Therapist-08-1&#8243; _builder_version=\u00bb4.24.2&#8243; _module_preset=\u00bbdefault\u00bb max_width=\u00bb64px\u00bb max_height=\u00bb64px\u00bb global_colors_info=\u00bb{}\u00bb][\/et_pb_image][et_pb_text _builder_version=\u00bb4.20.2&#8243; _module_preset=\u00bb3b20762c-6e3e-4241-8bac-1974e024b803&#8243; header_3_text_color=\u00bbgcid-d15821fb-ca65-4f29-bfd5-ea044f046af4&#8243; custom_margin=\u00bb||10px||false|false\u00bb global_colors_info=\u00bb{%22gcid-d15821fb-ca65-4f29-bfd5-ea044f046af4%22:%91%22header_3_text_color%22%93}\u00bb]<\/p>\n<h3><span>Ilustraci\u00f3n Editorial<\/span><\/h3>\n<p>[\/et_pb_text][et_pb_text _builder_version=\u00bb4.20.2&#8243; _module_preset=\u00bb5c5a243f-a2f0-4a87-b3ef-47cd944ef2da\u00bb text_text_color=\u00bbgcid-d15821fb-ca65-4f29-bfd5-ea044f046af4&#8243; global_colors_info=\u00bb{%22gcid-d15821fb-ca65-4f29-bfd5-ea044f046af4%22:%91%22text_text_color%22%93}\u00bb]<\/p>\n<p><span>Mis ilustraciones nacen de la observaci\u00f3n cotidiana y se transforman en im\u00e1genes llenas de color, textura y emoci\u00f3n. Trabajo con t\u00e9cnicas mixtas y arte digital, pero siempre con una base tradicional: l\u00e1piz, acuarela, tinta. Ya sea para libros infantiles, proyectos editoriales o piezas \u00fanicas, cada obra busca conectar con la imaginaci\u00f3n y contar historias que se sienten vivas.<\/span><\/p>\n<p>[\/et_pb_text][\/et_pb_column][et_pb_column type=\u00bb1_2&#8243; _builder_version=\u00bb4.20.2&#8243; _module_preset=\u00bbdefault\u00bb global_colors_info=\u00bb{}\u00bb][et_pb_image src=\u00bbhttps:\/\/pruebas.gabymoo.com\/wp-content\/uploads\/2025\/09\/Art-Therapist-07-1.png\u00bb title_text=\u00bbArt-Therapist-07-1&#8243; _builder_version=\u00bb4.24.2&#8243; _module_preset=\u00bbdefault\u00bb max_width=\u00bb64px\u00bb max_height=\u00bb64px\u00bb global_colors_info=\u00bb{}\u00bb][\/et_pb_image][et_pb_text _builder_version=\u00bb4.20.2&#8243; _module_preset=\u00bb3b20762c-6e3e-4241-8bac-1974e024b803&#8243; header_3_text_color=\u00bbgcid-d15821fb-ca65-4f29-bfd5-ea044f046af4&#8243; custom_margin=\u00bb||10px||false|false\u00bb global_colors_info=\u00bb{%22gcid-d15821fb-ca65-4f29-bfd5-ea044f046af4%22:%91%22header_3_text_color%22%93}\u00bb]<\/p>\n<h3><span>Retratos en vivo para eventos<\/span><\/h3>\n<p>[\/et_pb_text][et_pb_text _builder_version=\u00bb4.20.2&#8243; _module_preset=\u00bb5c5a243f-a2f0-4a87-b3ef-47cd944ef2da\u00bb text_text_color=\u00bbgcid-d15821fb-ca65-4f29-bfd5-ea044f046af4&#8243; locked=\u00bboff\u00bb global_colors_info=\u00bb{%22gcid-d15821fb-ca65-4f29-bfd5-ea044f046af4%22:%91%22text_text_color%22%93}\u00bb]<\/p>\n<p><span>\u00bfQuer\u00e9s que tu evento tenga un recuerdo original y hecho a mano? Durante 4 horas, dibujo retratos en acuarela en tiempo real, capturando la esencia de cada invitado con un estilo fresco y personalizado. Ideal para cumplea\u00f1os, ferias, celebraciones y encuentros donde el arte se convierte en experiencia.<\/span><\/p>\n<p>[\/et_pb_text][\/et_pb_column][\/et_pb_row][et_pb_row column_structure=\u00bb1_3,1_3,1_3&#8243; _builder_version=\u00bb4.20.2&#8243; _module_preset=\u00bbdefault\u00bb global_colors_info=\u00bb{}\u00bb][et_pb_column type=\u00bb1_3&#8243; _builder_version=\u00bb4.20.2&#8243; _module_preset=\u00bbdefault\u00bb global_colors_info=\u00bb{}\u00bb][et_pb_button button_text=\u00bbView Services\u00bb _builder_version=\u00bb4.24.2&#8243; _module_preset=\u00bb7053c358-5afc-4228-be88-6889ff927bfa\u00bb locked=\u00bboff\u00bb global_colors_info=\u00bb{}\u00bb][\/et_pb_button][\/et_pb_column][et_pb_column type=\u00bb1_3&#8243; _builder_version=\u00bb4.20.2&#8243; _module_preset=\u00bbdefault\u00bb global_colors_info=\u00bb{}\u00bb][\/et_pb_column][et_pb_column type=\u00bb1_3&#8243; _builder_version=\u00bb4.20.2&#8243; _module_preset=\u00bbdefault\u00bb global_colors_info=\u00bb{}\u00bb][et_pb_button button_text=\u00bbView Services\u00bb _builder_version=\u00bb4.24.2&#8243; _module_preset=\u00bb7053c358-5afc-4228-be88-6889ff927bfa\u00bb locked=\u00bboff\u00bb global_colors_info=\u00bb{}\u00bb][\/et_pb_button][\/et_pb_column][\/et_pb_row][\/et_pb_section]<\/p>\n","protected":false},"excerpt":{"rendered":"<p>ILUSTRADORA, LIBROS, EDITORIAL\u00a0 Ilustro lo que me emociona, lo que me inspira, lo que me conecta. As\u00ed nace mi mundo.Ilustraci\u00f3n EditorialMis ilustraciones nacen de la observaci\u00f3n cotidiana y se transforman en im\u00e1genes llenas de color, textura y emoci\u00f3n. Trabajo con t\u00e9cnicas mixtas y arte digital, pero siempre con una base tradicional: l\u00e1piz, acuarela, tinta. Ya [&hellip;]<\/p>\n","protected":false},"author":1,"featured_media":0,"parent":0,"menu_order":0,"comment_status":"closed","ping_status":"closed","template":"","meta":{"_et_pb_use_builder":"on","_et_pb_old_content":"","_et_gb_content_width":"","footnotes":""},"class_list":["post-73","page","type-page","status-publish","hentry"],"_links":{"self":[{"href":"https:\/\/pruebas.gabymoo.com\/index.php\/wp-json\/wp\/v2\/pages\/73","targetHints":{"allow":["GET"]}}],"collection":[{"href":"https:\/\/pruebas.gabymoo.com\/index.php\/wp-json\/wp\/v2\/pages"}],"about":[{"href":"https:\/\/pruebas.gabymoo.com\/index.php\/wp-json\/wp\/v2\/types\/page"}],"author":[{"embeddable":true,"href":"https:\/\/pruebas.gabymoo.com\/index.php\/wp-json\/wp\/v2\/users\/1"}],"replies":[{"embeddable":true,"href":"https:\/\/pruebas.gabymoo.com\/index.php\/wp-json\/wp\/v2\/comments?post=73"}],"version-history":[{"count":33,"href":"https:\/\/pruebas.gabymoo.com\/index.php\/wp-json\/wp\/v2\/pages\/73\/revisions"}],"predecessor-version":[{"id":214,"href":"https:\/\/pruebas.gabymoo.com\/index.php\/wp-json\/wp\/v2\/pages\/73\/revisions\/214"}],"wp:attachment":[{"href":"https:\/\/pruebas.gabymoo.com\/index.php\/wp-json\/wp\/v2\/media?parent=73"}],"curies":[{"name":"wp","href":"https:\/\/api.w.org\/{rel}","templated":true}]}}