{"id":39,"date":"2025-09-26T09:45:06","date_gmt":"2025-09-26T09:45:06","guid":{"rendered":"https:\/\/pruebas.gabymoo.com\/?page_id=39"},"modified":"2025-09-29T20:08:32","modified_gmt":"2025-09-29T20:08:32","slug":"inicio","status":"publish","type":"page","link":"https:\/\/pruebas.gabymoo.com\/index.php\/inicio\/","title":{"rendered":"Sobre Mi"},"content":{"rendered":"<p>[et_pb_section fb_built=\u00bb1&#8243; admin_label=\u00bbHeader\u00bb _builder_version=\u00bb4.23.2&#8243; _module_preset=\u00bbdefault\u00bb locked=\u00bboff\u00bb collapsed=\u00bbon\u00bb global_colors_info=\u00bb{}\u00bb][et_pb_row column_structure=\u00bb1_2,1_2&#8243; _builder_version=\u00bb4.20.2&#8243; _module_preset=\u00bbdefault\u00bb global_colors_info=\u00bb{}\u00bb][et_pb_column type=\u00bb1_2&#8243; _builder_version=\u00bb4.20.2&#8243; _module_preset=\u00bbdefault\u00bb global_colors_info=\u00bb{}\u00bb][et_pb_text _builder_version=\u00bb4.20.2&#8243; _module_preset=\u00bb7aeab113-5e5d-433a-9783-8ae5f099eb7e\u00bb header_4_text_color=\u00bbgcid-d15821fb-ca65-4f29-bfd5-ea044f046af4&#8243; global_colors_info=\u00bb{%22gcid-d15821fb-ca65-4f29-bfd5-ea044f046af4%22:%91%22header_4_text_color%22%93}\u00bb]<\/p>\n<h4>ARTE Y CREATIVIDAD<\/h4>\n<p>[\/et_pb_text][et_pb_text _builder_version=\u00bb4.24.2&#8243; _module_preset=\u00bb9a976a0b-9d2b-4f75-9558-03f51e7395db\u00bb header_text_color=\u00bbgcid-d15821fb-ca65-4f29-bfd5-ea044f046af4&#8243; custom_margin=\u00bb||10px||false|false\u00bb global_colors_info=\u00bb{%22gcid-d15821fb-ca65-4f29-bfd5-ea044f046af4%22:%91%22header_text_color%22%93}\u00bb]<\/p>\n<h1>Agustina Matar<\/h1>\n<p>[\/et_pb_text][et_pb_text _builder_version=\u00bb4.20.2&#8243; _module_preset=\u00bb5c5a243f-a2f0-4a87-b3ef-47cd944ef2da\u00bb text_text_color=\u00bbgcid-d15821fb-ca65-4f29-bfd5-ea044f046af4&#8243; global_colors_info=\u00bb{%22gcid-d15821fb-ca65-4f29-bfd5-ea044f046af4%22:%91%22text_text_color%22%93}\u00bb]<\/p>\n<p>Soy Agustina Matar, ilustradora. Desde chica el dibujo fue mi manera de expresarme y, con el tiempo, se volvi\u00f3 mi mundo. Me apasionan los colores intensos y encuentro inspiraci\u00f3n en los detalles cotidianos: una estampa en la calle, una combinaci\u00f3n inesperada, los matices del d\u00eda a d\u00eda. Cada ilustraci\u00f3n que hago es una forma de transformar esas peque\u00f1as miradas en im\u00e1genes llenas de vida y color.<\/p>\n<p>[\/et_pb_text][\/et_pb_column][et_pb_column type=\u00bb1_2&#8243; _builder_version=\u00bb4.20.2&#8243; _module_preset=\u00bbdefault\u00bb global_colors_info=\u00bb{}\u00bb][et_pb_image src=\u00bbhttps:\/\/pruebas.gabymoo.com\/wp-content\/uploads\/2025\/09\/art-therapist-mask-02-1.png\u00bb title_text=\u00bbWhatsApp Image 2025-09-24 at 09.46.53&#8243; _builder_version=\u00bb4.20.2&#8243; _module_preset=\u00bbdefault\u00bb background_image=\u00bbhttps:\/\/pruebas.gabymoo.com\/wp-content\/uploads\/2025\/09\/WhatsApp-Image-2025-09-24-at-09.46.53.jpeg\u00bb custom_padding=\u00bb0px|||||\u00bb hover_enabled=\u00bb0&#8243; global_colors_info=\u00bb{}\u00bb sticky_enabled=\u00bb0&#8243;][\/et_pb_image][\/et_pb_column][\/et_pb_row][\/et_pb_section][et_pb_section fb_built=\u00bb1&#8243; admin_label=\u00bbApproach\u00bb _builder_version=\u00bb4.23.2&#8243; _module_preset=\u00bbdefault\u00bb collapsed=\u00bbon\u00bb global_colors_info=\u00bb{}\u00bb][et_pb_row column_structure=\u00bb1_2,1_2&#8243; _builder_version=\u00bb4.23.2&#8243; _module_preset=\u00bbdefault\u00bb global_colors_info=\u00bb{}\u00bb][et_pb_column type=\u00bb1_2&#8243; _builder_version=\u00bb4.23.2&#8243; _module_preset=\u00bbdefault\u00bb global_colors_info=\u00bb{}\u00bb][et_pb_image src=\u00bbhttps:\/\/pruebas.gabymoo.com\/wp-content\/uploads\/2025\/09\/art-therapist-illustration-16-1.png\u00bb title_text=\u00bbart-therapist-illustration-16-1&#8243; admin_label=\u00bbImage\u00bb _builder_version=\u00bb4.24.2&#8243; _module_preset=\u00bbdefault\u00bb positioning=\u00bbabsolute\u00bb position_origin_a=\u00bbtop_right\u00bb width=\u00bb40%\u00bb mix_blend_mode=\u00bbmultiply\u00bb global_colors_info=\u00bb{}\u00bb][\/et_pb_image][et_pb_image src=\u00bbhttps:\/\/pruebas.gabymoo.com\/wp-content\/uploads\/2025\/09\/art-therapist-04b.jpg\u00bb title_text=\u00bbart-therapist-04b\u00bb align=\u00bbcenter\u00bb _builder_version=\u00bb4.20.2&#8243; _module_preset=\u00bbdefault\u00bb custom_padding=\u00bb0px|||||\u00bb border_radii=\u00bbon|500px|500px|500px|500px\u00bb global_colors_info=\u00bb{}\u00bb][\/et_pb_image][et_pb_image src=\u00bbhttps:\/\/pruebas.gabymoo.com\/wp-content\/uploads\/2025\/09\/art-therapist-illustration-17-1.png\u00bb title_text=\u00bbart-therapist-illustration-17-1&#8243; _builder_version=\u00bb4.24.2&#8243; _module_preset=\u00bbdefault\u00bb positioning=\u00bbabsolute\u00bb position_origin_a=\u00bbbottom_right\u00bb width=\u00bb30%\u00bb global_colors_info=\u00bb{}\u00bb][\/et_pb_image][\/et_pb_column][et_pb_column type=\u00bb1_2&#8243; _builder_version=\u00bb4.23.2&#8243; _module_preset=\u00bbdefault\u00bb global_colors_info=\u00bb{}\u00bb][et_pb_text _builder_version=\u00bb4.23.2&#8243; _module_preset=\u00bb601b835b-fdab-446c-ba24-96f0a74bf45e\u00bb header_2_text_color=\u00bbgcid-d15821fb-ca65-4f29-bfd5-ea044f046af4&#8243; custom_margin=\u00bb||-6px|||\u00bb custom_padding=\u00bb||0px|||\u00bb global_colors_info=\u00bb{%22gcid-d15821fb-ca65-4f29-bfd5-ea044f046af4%22:%91%22header_2_text_color%22%93}\u00bb]<\/p>\n<h2>Mis Rarezas Favoritas<\/h2>\n<p>&nbsp;<\/p>\n<p>[\/et_pb_text][et_pb_text _builder_version=\u00bb4.24.2&#8243; _module_preset=\u00bb5c5a243f-a2f0-4a87-b3ef-47cd944ef2da\u00bb text_text_color=\u00bbgcid-d15821fb-ca65-4f29-bfd5-ea044f046af4&#8243; global_colors_info=\u00bb{%22gcid-d15821fb-ca65-4f29-bfd5-ea044f046af4%22:%91%22text_text_color%22%93}\u00bb]<\/p>\n<ul>\n<li>\n<p><span>Mi combo creativo: Coca-Cola + chocolate <br \/>(\u00a1alg\u00fan d\u00eda lo cambiar\u00e9\u2026 o no!).<\/span><\/p>\n<\/li>\n<li>\n<p><span>Vivo rodeada de plantas que florecen en mis dibujos.<\/span><\/p>\n<\/li>\n<li>\n<p><span>Todo en mi casa tiene estampas: textiles, vajilla, \u00a1hasta los sue\u00f1os!<\/span><\/p>\n<\/li>\n<li>\n<p><span>Fan total del cine de animaci\u00f3n (s\u00ed, me s\u00e9 los di\u00e1logos de memoria).<\/span><\/p>\n<\/li>\n<li>\n<p><span>Mi lado friki: Jem and the Holograms, Labyrinth y dibujos animados vintage.<\/span><\/p>\n<\/li>\n<li>\n<p><span>Amo perderme en ferias y tiendas de antig\u00fcedades.<\/span><\/p>\n<\/li>\n<li>\n<p><span>Caminadora profesional: voy a todos lados a pie.<\/span><\/p>\n<\/li>\n<li>\n<p><span>Conectar con la gente me llena: soy emp\u00e1tica, aut\u00e9ntica y disfruto cada encuentro.<\/span><\/p>\n<\/li>\n<\/ul>\n<p>[\/et_pb_text][\/et_pb_column][\/et_pb_row][\/et_pb_section][et_pb_section fb_built=\u00bb1&#8243; admin_label=\u00bbAbout\u00bb _builder_version=\u00bb4.23.2&#8243; _module_preset=\u00bbdefault\u00bb locked=\u00bboff\u00bb collapsed=\u00bbon\u00bb global_colors_info=\u00bb{}\u00bb][et_pb_row column_structure=\u00bb1_2,1_2&#8243; _builder_version=\u00bb4.23.2&#8243; _module_preset=\u00bbdefault\u00bb global_colors_info=\u00bb{}\u00bb][et_pb_column type=\u00bb1_2&#8243; _builder_version=\u00bb4.23.2&#8243; _module_preset=\u00bbdefault\u00bb global_colors_info=\u00bb{}\u00bb][et_pb_text _builder_version=\u00bb4.20.2&#8243; _module_preset=\u00bb7aeab113-5e5d-433a-9783-8ae5f099eb7e\u00bb header_4_text_color=\u00bbgcid-d15821fb-ca65-4f29-bfd5-ea044f046af4&#8243; global_colors_info=\u00bb{%22gcid-d15821fb-ca65-4f29-bfd5-ea044f046af4%22:%91%22header_4_text_color%22%93}\u00bb]<\/p>\n<h4>Mi Trayectoria<\/h4>\n<p>[\/et_pb_text][et_pb_text _builder_version=\u00bb4.23.2&#8243; _module_preset=\u00bb601b835b-fdab-446c-ba24-96f0a74bf45e\u00bb header_2_text_color=\u00bbgcid-d15821fb-ca65-4f29-bfd5-ea044f046af4&#8243; custom_margin=\u00bb||10px||false|false\u00bb global_colors_info=\u00bb{%22gcid-d15821fb-ca65-4f29-bfd5-ea044f046af4%22:%91%22header_2_text_color%22%93}\u00bb]<\/p>\n<h2>Mi CV<\/h2>\n<p>[\/et_pb_text][et_pb_text _builder_version=\u00bb4.20.2&#8243; _module_preset=\u00bb5c5a243f-a2f0-4a87-b3ef-47cd944ef2da\u00bb text_text_color=\u00bbgcid-d15821fb-ca65-4f29-bfd5-ea044f046af4&#8243; global_colors_info=\u00bb{%22gcid-d15821fb-ca65-4f29-bfd5-ea044f046af4%22:%91%22text_text_color%22%93}\u00bb]<\/p>\n<p>Soy Agustina, graduada en Bellas Artes por el IUNA, con una especializaci\u00f3n en dibujo que me permiti\u00f3 desarrollar una base s\u00f3lida en la expresi\u00f3n art\u00edstica. He tenido el privilegio de realizar numerosas exposiciones art\u00edsticas tanto en Buenos Aires como en Madrid, y fui seleccionada para participar en el prestigioso Sal\u00f3n Nacional de Artes en Argentina, lo que supuso un reconocimiento importante a mi trabajo.<\/p>\n<p>Sin embargo, decid\u00ed dejar atr\u00e1s la trayectoria que hab\u00eda construido para establecerme en Madrid y dedicarme plenamente a lo que m\u00e1s me apasiona: la ilustraci\u00f3n, el cine<span class=\"Apple-converted-space\">\u00a0 <\/span>y el mundo creativo infantil. Para profundizar en estas \u00e1reas, me especialic\u00e9 en Animaci\u00f3n y \u00c1lbum ilustrado en ESDIP, y tambi\u00e9n en concept art a trav\u00e9s de CGMA en Estados Unidos, lo que me abri\u00f3 puertas a nuevas posibilidades creativas.<\/p>\n<p>He tenido la oportunidad de trabajar en varios cortometrajes, aportando mi arte y dise\u00f1o en proyectos como \u00abLa primavera Siempre Vuelve\u00bb y \u00abChase\u00bb, entre otros. Actualmente, me desempe\u00f1o como ilustradora infantil, colaborando con editoriales reconocidas como Bru\u00f1o, SM, Narval, Volteletras, Vicenvives,Tu cuento y t\u00fa, Entre nubes y cuentos, etc. En mis trabajos, la ternura y el humor se entrelazan mediante el uso de t\u00e9cnicas mixtas y arte digital, dando vida a coloridos proyectos que buscan conectar con la imaginaci\u00f3n y el coraz\u00f3n de los ni\u00f1os. Es un camino que me llena de satisfacci\u00f3n y me permite seguir explorando y expresando mi creatividad de manera aut\u00e9ntica.<\/p>\n<p>[\/et_pb_text][\/et_pb_column][et_pb_column type=\u00bb1_2&#8243; _builder_version=\u00bb4.23.2&#8243; _module_preset=\u00bbdefault\u00bb global_colors_info=\u00bb{}\u00bb][et_pb_image src=\u00bbhttps:\/\/pruebas.gabymoo.com\/wp-content\/uploads\/2025\/09\/art-therapist-illustration-15-1.png\u00bb title_text=\u00bbart-therapist-illustration-15-1&#8243; _builder_version=\u00bb4.24.2&#8243; _module_preset=\u00bbdefault\u00bb positioning=\u00bbabsolute\u00bb position_origin_a=\u00bbbottom_left\u00bb width=\u00bb30%\u00bb global_colors_info=\u00bb{}\u00bb][\/et_pb_image][et_pb_image src=\u00bbhttps:\/\/pruebas.gabymoo.com\/wp-content\/uploads\/2025\/09\/WhatsApp-Image-2025-09-24-at-09.47.12-4.jpeg\u00bb title_text=\u00bbWhatsApp Image 2025-09-24 at 09.47.12 (4)\u00bb _builder_version=\u00bb4.20.2&#8243; _module_preset=\u00bbdefault\u00bb hover_enabled=\u00bb0&#8243; border_radii=\u00bboff|400%|400%|300%|300%\u00bb global_colors_info=\u00bb{}\u00bb sticky_enabled=\u00bb0&#8243; custom_padding=\u00bb|||0px||\u00bb][\/et_pb_image][\/et_pb_column][\/et_pb_row][\/et_pb_section][et_pb_section fb_built=\u00bb1&#8243; admin_label=\u00bbCall to Action\u00bb _builder_version=\u00bb4.24.2&#8243; _module_preset=\u00bbdefault\u00bb background_color=\u00bbgcid-d15821fb-ca65-4f29-bfd5-ea044f046af4&#8243; use_background_color_gradient=\u00bbon\u00bb background_color_gradient_stops=\u00bb#ffffff 50%|gcid-d15821fb-ca65-4f29-bfd5-ea044f046af4 50%\u00bb overflow-x=\u00bbhidden\u00bb overflow-y=\u00bbhidden\u00bb saved_tabs=\u00bball\u00bb collapsed=\u00bbon\u00bb global_colors_info=\u00bb{%22gcid-d15821fb-ca65-4f29-bfd5-ea044f046af4%22:%91%22background_color_gradient_stops%22,%22background_color%22%93}\u00bb][et_pb_row custom_padding_last_edited=\u00bbon|desktop\u00bb _builder_version=\u00bb4.24.2&#8243; _module_preset=\u00bbdefault\u00bb background_color=\u00bbgcid-97dd20d4-ba23-4305-9bd5-c10c1317deac\u00bb custom_padding=\u00bb40px|8%|40px|8%|true|true\u00bb custom_padding_tablet=\u00bb30px|30px|30px|30px|true|true\u00bb custom_padding_phone=\u00bb20px|20px|20px|20px|true|true\u00bb global_colors_info=\u00bb{%22gcid-97dd20d4-ba23-4305-9bd5-c10c1317deac%22:%91%22background_color%22%93}\u00bb][et_pb_column type=\u00bb4_4&#8243; _builder_version=\u00bb4.23.2&#8243; _module_preset=\u00bbdefault\u00bb global_colors_info=\u00bb{}\u00bb][et_pb_image src=\u00bbhttps:\/\/pruebas.gabymoo.com\/wp-content\/uploads\/2025\/09\/art-therapist-illustration-01-1.png\u00bb title_text=\u00bbart-therapist-illustration-01-1&#8243; _builder_version=\u00bb4.24.2&#8243; _module_preset=\u00bbdefault\u00bb transform_translate=\u00bb0px|-100%\u00bb transform_translate_linked=\u00bboff\u00bb positioning=\u00bbabsolute\u00bb width=\u00bb10%\u00bb global_colors_info=\u00bb{}\u00bb][\/et_pb_image][et_pb_image src=\u00bbhttps:\/\/pruebas.gabymoo.com\/wp-content\/uploads\/2025\/09\/art-therapist-illustration-02-1.png\u00bb title_text=\u00bbart-therapist-illustration-02-1&#8243; _builder_version=\u00bb4.24.2&#8243; _module_preset=\u00bbdefault\u00bb positioning=\u00bbabsolute\u00bb position_origin_a=\u00bbbottom_left\u00bb width=\u00bb10%\u00bb global_colors_info=\u00bb{}\u00bb][\/et_pb_image][et_pb_image src=\u00bbhttps:\/\/pruebas.gabymoo.com\/wp-content\/uploads\/2025\/09\/art-therapist-illustration-03-1.png\u00bb title_text=\u00bbart-therapist-illustration-03-1&#8243; _builder_version=\u00bb4.24.2&#8243; _module_preset=\u00bbdefault\u00bb transform_translate=\u00bb100%|0px\u00bb transform_translate_linked=\u00bboff\u00bb positioning=\u00bbabsolute\u00bb position_origin_a=\u00bbcenter_right\u00bb width=\u00bb10%\u00bb global_colors_info=\u00bb{}\u00bb][\/et_pb_image][et_pb_text _builder_version=\u00bb4.20.2&#8243; _module_preset=\u00bbb1804fd6-2318-432d-b064-15999f3b9918&#8243; header_2_text_color=\u00bbgcid-d15821fb-ca65-4f29-bfd5-ea044f046af4&#8243; text_orientation=\u00bbcenter\u00bb custom_margin=\u00bb||-10px|||\u00bb custom_padding=\u00bb||0px|||\u00bb global_colors_info=\u00bb{%22gcid-d15821fb-ca65-4f29-bfd5-ea044f046af4%22:%91%22header_2_text_color%22%93}\u00bb]<\/p>\n<h2><span style=\"font-size: xx-large;\">Si quieres saber m\u00e1s de lo que hago&#8230;<\/span><\/h2>\n<p>[\/et_pb_text][et_pb_button button_text=\u00bbServicios\u00bb button_alignment=\u00bbcenter\u00bb _builder_version=\u00bb4.20.2&#8243; _module_preset=\u00bbf8f19098-3943-4046-b2c9-b3209dbc63d0&#8243; global_colors_info=\u00bb{}\u00bb][\/et_pb_button][\/et_pb_column][\/et_pb_row][\/et_pb_section]<\/p>\n","protected":false},"excerpt":{"rendered":"<p>ARTE Y CREATIVIDADAgustina MatarSoy Agustina Matar, ilustradora. Desde chica el dibujo fue mi manera de expresarme y, con el tiempo, se volvi\u00f3 mi mundo. Me apasionan los colores intensos y encuentro inspiraci\u00f3n en los detalles cotidianos: una estampa en la calle, una combinaci\u00f3n inesperada, los matices del d\u00eda a d\u00eda. Cada ilustraci\u00f3n que hago es [&hellip;]<\/p>\n","protected":false},"author":1,"featured_media":0,"parent":0,"menu_order":0,"comment_status":"closed","ping_status":"closed","template":"","meta":{"_et_pb_use_builder":"on","_et_pb_old_content":"<!-- wp:divi\/placeholder \/-->","_et_gb_content_width":"","footnotes":""},"class_list":["post-39","page","type-page","status-publish","hentry"],"_links":{"self":[{"href":"https:\/\/pruebas.gabymoo.com\/index.php\/wp-json\/wp\/v2\/pages\/39","targetHints":{"allow":["GET"]}}],"collection":[{"href":"https:\/\/pruebas.gabymoo.com\/index.php\/wp-json\/wp\/v2\/pages"}],"about":[{"href":"https:\/\/pruebas.gabymoo.com\/index.php\/wp-json\/wp\/v2\/types\/page"}],"author":[{"embeddable":true,"href":"https:\/\/pruebas.gabymoo.com\/index.php\/wp-json\/wp\/v2\/users\/1"}],"replies":[{"embeddable":true,"href":"https:\/\/pruebas.gabymoo.com\/index.php\/wp-json\/wp\/v2\/comments?post=39"}],"version-history":[{"count":18,"href":"https:\/\/pruebas.gabymoo.com\/index.php\/wp-json\/wp\/v2\/pages\/39\/revisions"}],"predecessor-version":[{"id":164,"href":"https:\/\/pruebas.gabymoo.com\/index.php\/wp-json\/wp\/v2\/pages\/39\/revisions\/164"}],"wp:attachment":[{"href":"https:\/\/pruebas.gabymoo.com\/index.php\/wp-json\/wp\/v2\/media?parent=39"}],"curies":[{"name":"wp","href":"https:\/\/api.w.org\/{rel}","templated":true}]}}